{"id":618,"date":"2020-05-11T14:16:28","date_gmt":"2020-05-11T12:16:28","guid":{"rendered":"https:\/\/www.performancebeyondlimits.com\/?page_id=618"},"modified":"2020-11-12T14:37:31","modified_gmt":"2020-11-12T13:37:31","slug":"online-course","status":"publish","type":"page","link":"https:\/\/performancebeyondlimits.com\/en\/online-course\/","title":{"rendered":"Online Course"},"content":{"rendered":"<p>[et_pb_section fb_built=&#8221;1&#8243; fullwidth=&#8221;on&#8221; _builder_version=&#8221;4.3.2&#8243;][et_pb_fullwidth_image src=&#8221;https:\/\/www.performancebeyondlimits.com\/wp-content\/uploads\/2020\/04\/PerformanceBeyondLimits_33-scaled-e1587239558685.jpg&#8221; _builder_version=&#8221;4.3.2&#8243;][\/et_pb_fullwidth_image][\/et_pb_section][et_pb_section fb_built=&#8221;1&#8243; _builder_version=&#8221;4.3.2&#8243; min_height=&#8221;0px&#8221; custom_margin=&#8221;||-188px|||&#8221; custom_padding=&#8221;0px|||||&#8221;][et_pb_row _builder_version=&#8221;4.3.2&#8243;][et_pb_column type=&#8221;4_4&#8243; _builder_version=&#8221;4.3.2&#8243;][et_pb_divider color=&#8221;#ddb163&#8243; _builder_version=&#8221;4.3.2&#8243; min_height=&#8221;2px&#8221; custom_margin_tablet=&#8221;&#8221; custom_margin_phone=&#8221;4px||||false|false&#8221; custom_margin_last_edited=&#8221;on|phone&#8221; custom_padding=&#8221;||15px|||&#8221;][\/et_pb_divider][et_pb_text _builder_version=&#8221;4.6.6&#8243; custom_margin=&#8221;-35px|||||&#8221;]<\/p>\n<h2 style=\"text-align: center;\">Coaching Online Course<\/h2>\n<h3 style=\"text-align: center;\">Total Approach to Life Purpose and Fulfilment<\/h3>\n<p>[\/et_pb_text][et_pb_divider color=&#8221;#ddb163&#8243; _builder_version=&#8221;4.3.2&#8243; min_height=&#8221;2px&#8221; custom_margin=&#8221;-14px|||||&#8221; custom_margin_tablet=&#8221;&#8221; custom_margin_phone=&#8221;4px||||false|false&#8221; custom_margin_last_edited=&#8221;on|phone&#8221;][\/et_pb_divider][\/et_pb_column][\/et_pb_row][\/et_pb_section][et_pb_section fb_built=&#8221;1&#8243; specialty=&#8221;on&#8221; _builder_version=&#8221;4.3.2&#8243; width=&#8221;100%&#8221; max_width=&#8221;90%&#8221; module_alignment=&#8221;center&#8221; inner_width=&#8221;100%&#8221; custom_margin=&#8221;-7px|||||&#8221; custom_padding=&#8221;90px||0px||false|false&#8221; animation_style=&#8221;fade&#8221; animation_delay=&#8221;450ms&#8221;][et_pb_column type=&#8221;1_2&#8243; specialty_columns=&#8221;2&#8243; _builder_version=&#8221;3.25&#8243; custom_padding=&#8221;|||&#8221; custom_padding__hover=&#8221;|||&#8221;][et_pb_row_inner _builder_version=&#8221;4.3.2&#8243; width_tablet=&#8221;100%&#8221; width_phone=&#8221;&#8221; width_last_edited=&#8221;on|phone&#8221; module_alignment=&#8221;left&#8221; custom_margin_tablet=&#8221;&#8221; custom_margin_phone=&#8221;&#8221; custom_margin_last_edited=&#8221;on|desktop&#8221; custom_padding=&#8221;|||0px|false|false&#8221;][et_pb_column_inner saved_specialty_column_type=&#8221;1_2&#8243; _builder_version=&#8221;4.3.2&#8243;][et_pb_image src=&#8221;https:\/\/www.performancebeyondlimits.com\/wp-content\/uploads\/2020\/04\/PerformanceBeyondLimits_28-scaled.jpg&#8221; disabled_on=&#8221;off|off|on&#8221; _builder_version=&#8221;4.3.2&#8243;][\/et_pb_image][et_pb_text _builder_version=&#8221;4.6.6&#8243; min_height=&#8221;243px&#8221;]<\/p>\n<p><strong>Our coaching online course &#8216;Total Approach to Life Purpose and Fulfilment&#8217; offers a flexible introduction to our work with life purpose and strategic planning.<\/strong><\/p>\n<p>This online course offers you a structured method to understand what really touches, moves and inspires you in life and brings you nearer to your fulfilment . Through short explanatory modules followed by written exercises, we will illuminate the question &#8220;what is my purpose in life&#8221; from many different angles. In doing so, we go deeper and deeper in the search for your unique treasure of knowledge, which we want to make useful for you and also for others. The goal is to express in a short sentence in which direction your life truly fulfills you.<\/p>\n<p>In the 2nd part of the course you will learn step by step how to create a Personal Strategic Life Plan. Compact, precise and pragmatic. All on one page. A structure that supports you in living your purpose and achieving your goals for a whole year. Our clients report the following benefits since they live and strategically plan in accordance with their purpose.<\/p>\n<p>&nbsp;<\/p>\n<h3><strong>Possible results of the online course to fulfilment are:<\/strong><\/h3>\n<p>&nbsp;<\/p>\n<ul>\n<li>\n<h4>Success at work<\/h4>\n<\/li>\n<li>\n<h4>Personal growth<\/h4>\n<\/li>\n<li>\n<h4>Fulfilment<\/h4>\n<\/li>\n<li>\n<h4>New energy<\/h4>\n<\/li>\n<li>\n<h4>Mental clarity<\/h4>\n<\/li>\n<li>\n<h4>Serenity<\/h4>\n<\/li>\n<li>\n<h4>Stable self-esteem<\/h4>\n<\/li>\n<li>\n<h4>Gratitude<\/h4>\n<\/li>\n<li>\n<h4>Deep connection with their environment<\/h4>\n<\/li>\n<li>\n<h4>Health<\/h4>\n<\/li>\n<\/ul>\n<p>[\/et_pb_text][et_pb_button button_url=&#8221;https:\/\/www.udemy.com\/course\/total-approach-to-personal-transformation-and-fulfilment\/?src=sac&#038;kw=total+approach&#8221; url_new_window=&#8221;on&#8221; button_text=&#8221;Online Course&#8221; button_alignment=&#8221;center&#8221; _builder_version=&#8221;4.3.2&#8243; custom_padding=&#8221;0px|||||&#8221;][\/et_pb_button][\/et_pb_column_inner][\/et_pb_row_inner][\/et_pb_column][et_pb_column type=&#8221;1_2&#8243; _builder_version=&#8221;3.25&#8243; custom_padding=&#8221;|||&#8221; custom_padding__hover=&#8221;|||&#8221;][et_pb_image src=&#8221;https:\/\/www.performancebeyondlimits.com\/wp-content\/uploads\/2020\/04\/PerformanceBeyondLimits_28-scaled.jpg&#8221; force_fullwidth=&#8221;on&#8221; disabled_on=&#8221;on|on|off&#8221; _builder_version=&#8221;4.3.2&#8243; module_alignment=&#8221;right&#8221; min_height=&#8221;1000px&#8221; box_shadow_style=&#8221;preset1&#8243;][\/et_pb_image][\/et_pb_column][\/et_pb_section][et_pb_section fb_built=&#8221;1&#8243; _builder_version=&#8221;4.3.2&#8243; min_height=&#8221;13px&#8221; custom_margin=&#8221;-106px|||||&#8221; custom_margin_tablet=&#8221;-48px||||false|false&#8221; custom_margin_phone=&#8221;&#8221; custom_margin_last_edited=&#8221;on|phone&#8221; animation_style=&#8221;fade&#8221; animation_delay=&#8221;750ms&#8221;][et_pb_row _builder_version=&#8221;4.3.2&#8243; min_height=&#8221;50px&#8221;][et_pb_column type=&#8221;4_4&#8243; _builder_version=&#8221;4.3.2&#8243;][et_pb_divider color=&#8221;#cc9500&#8243; _builder_version=&#8221;4.3.2&#8243; min_height=&#8221;18px&#8221;][\/et_pb_divider][et_pb_text _builder_version=&#8221;4.3.2&#8243;]<\/p>\n<h2 style=\"text-align: center;\"><span style=\"color: #003366;\">Write to us if you have any questions or<br \/><\/span><\/h2>\n<h2 style=\"text-align: center;\"><span style=\"color: #003366;\">you are interested in working with us.<\/span><\/h2>\n<p>[\/et_pb_text][et_pb_button button_url=&#8221;@ET-DC@eyJkeW5hbWljIjp0cnVlLCJjb250ZW50IjoicG9zdF9saW5rX3VybF9wYWdlIiwic2V0dGluZ3MiOnsicG9zdF9pZCI6IjM0NCJ9fQ==@&#8221; button_text=&#8221;CONTACT&#8221; button_alignment=&#8221;center&#8221; _builder_version=&#8221;4.3.2&#8243; _dynamic_attributes=&#8221;button_url&#8221; button_border_width=&#8221;6px&#8221;][\/et_pb_button][et_pb_divider color=&#8221;#cc9500&#8243; _builder_version=&#8221;4.3.2&#8243; min_height=&#8221;18px&#8221;][\/et_pb_divider][\/et_pb_column][\/et_pb_row][\/et_pb_section][et_pb_section fb_built=&#8221;1&#8243; _builder_version=&#8221;4.3.2&#8243; background_color=&#8221;#25619c&#8221; custom_padding=&#8221;10px||7px|||&#8221;][et_pb_row _builder_version=&#8221;4.3.2&#8243; custom_padding=&#8221;3px||4px|||&#8221;][et_pb_column type=&#8221;4_4&#8243; _builder_version=&#8221;4.3.2&#8243;][et_pb_text _builder_version=&#8221;4.3.2&#8243;]<\/p>\n<p><span style=\"color: #ffffff;\">\u00a9 2020 | Performance Beyond Limits | Powered by <a href=\"https:\/\/www.shamminski.com\" target=\"_blank\" rel=\"noopener noreferrer\" style=\"color: #ffffff;\">shamminski<\/a> | <a href=\"https:\/\/www.performancebeyondlimits.com\/en\/disclaimer\/\" style=\"color: #ffffff;\">Disclaimer<\/a><\/span><\/p>\n<p>[\/et_pb_text][\/et_pb_column][\/et_pb_row][\/et_pb_section]<\/p>\n","protected":false},"excerpt":{"rendered":"<p>Coaching Online Course Total Approach to Life Purpose and FulfilmentOur coaching online course &#8216;Total Approach to Life Purpose and Fulfilment&#8217; offers a flexible introduction to our work with life purpose and strategic planning. This online course offers you a structured method to understand what really touches, moves and inspires you in life and brings you [&hellip;]<\/p>\n","protected":false},"author":1,"featured_media":579,"parent":0,"menu_order":0,"comment_status":"closed","ping_status":"closed","template":"","meta":{"_et_pb_use_builder":"on","_et_pb_old_content":"[et_pb_section fb_built=\"1\" fullwidth=\"on\" _builder_version=\"4.3.2\"][et_pb_fullwidth_image src=\"http:\/\/www.performancebeyondlimits.com\/wp-content\/uploads\/2020\/04\/PerformanceBeyondLimits_33-scaled-e1587239558685.jpg\" _builder_version=\"4.3.2\"][\/et_pb_fullwidth_image][\/et_pb_section][et_pb_section fb_built=\"1\" _builder_version=\"4.3.2\" min_height=\"0px\" custom_margin=\"||-188px|||\" custom_padding=\"0px|||||\"][et_pb_row _builder_version=\"4.3.2\"][et_pb_column type=\"4_4\" _builder_version=\"4.3.2\"][et_pb_divider color=\"#ddb163\" _builder_version=\"4.3.2\" min_height=\"2px\" custom_margin_tablet=\"\" custom_margin_phone=\"4px||||false|false\" custom_margin_last_edited=\"on|phone\" custom_padding=\"||15px|||\"][\/et_pb_divider][et_pb_text _builder_version=\"4.3.2\" custom_margin=\"-35px|||||\"]\n<h1 style=\"text-align: center;\">Online-Kurs<\/h1>\n[\/et_pb_text][et_pb_divider color=\"#ddb163\" _builder_version=\"4.3.2\" min_height=\"2px\" custom_margin=\"-14px|||||\" custom_margin_tablet=\"\" custom_margin_phone=\"4px||||false|false\" custom_margin_last_edited=\"on|phone\"][\/et_pb_divider][\/et_pb_column][\/et_pb_row][\/et_pb_section][et_pb_section fb_built=\"1\" specialty=\"on\" _builder_version=\"4.3.2\" width=\"100%\" max_width=\"90%\" module_alignment=\"center\" inner_width=\"100%\" custom_margin=\"-7px|||||\" custom_padding=\"90px||0px||false|false\" animation_style=\"fade\" animation_delay=\"450ms\"][et_pb_column type=\"1_2\" specialty_columns=\"2\" _builder_version=\"3.25\" custom_padding=\"|||\" custom_padding__hover=\"|||\"][et_pb_row_inner _builder_version=\"4.3.2\" width_tablet=\"100%\" width_phone=\"\" width_last_edited=\"on|phone\" module_alignment=\"left\" custom_margin_tablet=\"\" custom_margin_phone=\"\" custom_margin_last_edited=\"on|desktop\" custom_padding=\"|||0px|false|false\"][et_pb_column_inner saved_specialty_column_type=\"1_2\" _builder_version=\"4.3.2\"][et_pb_image src=\"http:\/\/www.performancebeyondlimits.com\/wp-content\/uploads\/2020\/04\/PerformanceBeyondLimits_28-scaled.jpg\" disabled_on=\"off|off|on\" _builder_version=\"4.3.2\"][\/et_pb_image][et_pb_text _builder_version=\"4.3.2\" min_height=\"243px\" hover_enabled=\"0\"]\n<h3><strong>Einen flexiblen Einstieg in unsere Arbeit mit Lebenssinn und Strategischer Planung bietet unser Online Kurs \"Deine ganzheitliche Transformation und Erf\u00fcllung\".<\/strong><\/h3>\n<strong><\/strong>\n\nDieser Kurs bietet dir eine strukturierte Methode um zu verstehen was dich im Leben wirklich ber\u00fchrt, bewegt und inspiriert. Durch kurze Erkl\u00e4rungsmodule gefolgt von schriftlichen Aufgaben, beleuchten wir die Frage \u201cwas ist mein Lebenssinn\u201d aus vielen unterschiedlichen Winkeln. Dabei gehen wir immer tiefer auf der Suche nach deinem einzigartigen Erkenntnisschatz, den es gilt f\u00fcr dich und auch f\u00fcr andere dienlich zu machen. Ziel ist in einem kurzen Satz auszudr\u00fccken, in welcher Richtung dich dein Leben wahrhaft erf\u00fcllt.\n\nIm 2. Teil des Kurses lernst du Schritt f\u00fcr Schritt, wie du einen Pers\u00f6nlichen Strategischen Lebensplan erstellst. Kompakt, pr\u00e4zise und pragmatisch. Alles auf einer Seite. Eine Struktur die dich \u00fcber ein ganzes Jahr beim leben deines Sinnes und beim erreichen deiner Ziele st\u00fctzt. Unsere Kunden berichten \u00fcber folgende Vorteile seitdem sie in Einklang mit ihrem Sinn leben und strategisch planen.\n\n&nbsp;\n<h3><strong>M\u00f6gliche Ergebnisse des Kurses sind:<\/strong><\/h3>\n&nbsp;\n<ul>\n \t<li style=\"text-align: left;\">\n<h4>Erfolg im Beruf<\/h4>\n<\/li>\n \t<li style=\"text-align: left;\">\n<h4>Pers\u00f6nliches Wachstum<\/h4>\n<\/li>\n \t<li style=\"text-align: left;\">\n<h4>Erf\u00fcllung<\/h4>\n<\/li>\n \t<li style=\"text-align: left;\">\n<h4>Neue Energie<\/h4>\n<\/li>\n \t<li style=\"text-align: left;\">\n<h4>Mentale Klarheit<\/h4>\n<\/li>\n \t<li style=\"text-align: left;\">\n<h4>Gelassenheit<\/h4>\n<\/li>\n \t<li style=\"text-align: left;\">\n<h4>Stabiler Selbstwert<\/h4>\n<\/li>\n \t<li style=\"text-align: left;\">\n<h4>Dankbarkeit<\/h4>\n<\/li>\n \t<li style=\"text-align: left;\">\n<h4>Tiefe Verbundenheit mit ihrem Umfeld<\/h4>\n<\/li>\n \t<li style=\"text-align: left;\">\n<h4>Gesundheit<\/h4>\n<\/li>\n<\/ul>\n[\/et_pb_text][et_pb_button button_text=\"Zum Online-Kurs\" button_alignment=\"center\" _builder_version=\"4.3.2\" custom_padding=\"0px|||||\"][\/et_pb_button][\/et_pb_column_inner][\/et_pb_row_inner][\/et_pb_column][et_pb_column type=\"1_2\" _builder_version=\"3.25\" custom_padding=\"|||\" custom_padding__hover=\"|||\"][et_pb_image src=\"http:\/\/www.performancebeyondlimits.com\/wp-content\/uploads\/2020\/04\/PerformanceBeyondLimits_28-scaled.jpg\" force_fullwidth=\"on\" disabled_on=\"on|on|off\" _builder_version=\"4.3.2\" module_alignment=\"right\" min_height=\"1000px\" box_shadow_style=\"preset1\"][\/et_pb_image][\/et_pb_column][\/et_pb_section][et_pb_section fb_built=\"1\" _builder_version=\"4.3.2\" min_height=\"13px\" custom_margin=\"-106px|||||\" custom_margin_tablet=\"-48px||||false|false\" custom_margin_phone=\"\" custom_margin_last_edited=\"on|phone\" animation_style=\"fade\" animation_delay=\"750ms\"][et_pb_row _builder_version=\"4.3.2\" min_height=\"50px\"][et_pb_column type=\"4_4\" _builder_version=\"4.3.2\"][et_pb_divider color=\"#cc9500\" _builder_version=\"4.3.2\" min_height=\"18px\"][\/et_pb_divider][et_pb_text _builder_version=\"4.3.2\"]\n<h2 style=\"text-align: center;\"><span style=\"color: #003366;\">Schreibe uns, wenn du Fragen oder <\/span><\/h2>\n<h2 style=\"text-align: center;\"><span style=\"color: #003366;\">Interesse an einer Zusammenarbeit hast.<\/span><\/h2>\n[\/et_pb_text][et_pb_button button_text=\"KONTAKT\" button_alignment=\"center\" _builder_version=\"4.3.2\" button_border_width=\"6px\" hover_enabled=\"0\" button_url=\"@ET-DC@eyJkeW5hbWljIjp0cnVlLCJjb250ZW50IjoicG9zdF9saW5rX3VybF9wYWdlIiwic2V0dGluZ3MiOnsicG9zdF9pZCI6IjM0NCJ9fQ==@\" _dynamic_attributes=\"button_url\"][\/et_pb_button][et_pb_divider color=\"#cc9500\" _builder_version=\"4.3.2\" min_height=\"18px\"][\/et_pb_divider][\/et_pb_column][\/et_pb_row][\/et_pb_section]","_et_gb_content_width":"","_monsterinsights_skip_tracking":false,"_monsterinsights_sitenote_active":false,"_monsterinsights_sitenote_note":"","_monsterinsights_sitenote_category":0,"footnotes":""},"class_list":["post-618","page","type-page","status-publish","has-post-thumbnail","hentry"],"yoast_head":"<!-- This site is optimized with the Yoast SEO plugin v27.5 - https:\/\/yoast.com\/product\/yoast-seo-wordpress\/ -->\n<title>Performance Beyond Limits | Coaching Online Course for fulfilment<\/title>\n<meta name=\"description\" content=\"Our coaching online course \u201cTotal approach to personal transformation and fulfilment&quot; offers a flexible introduction to our work.\" \/>\n<meta name=\"robots\" content=\"index, follow, max-snippet:-1, max-image-preview:large, max-video-preview:-1\" \/>\n<link rel=\"canonical\" href=\"https:\/\/performancebeyondlimits.com\/en\/online-course\/\" \/>\n<meta property=\"og:locale\" content=\"en_US\" \/>\n<meta property=\"og:type\" content=\"article\" \/>\n<meta property=\"og:title\" content=\"Performance Beyond Limits | Coaching Online Course for fulfilment\" \/>\n<meta property=\"og:description\" content=\"Our coaching online course \u201cTotal approach to personal transformation and fulfilment&quot; offers a flexible introduction to our work.\" \/>\n<meta property=\"og:url\" content=\"https:\/\/performancebeyondlimits.com\/en\/online-course\/\" \/>\n<meta property=\"og:site_name\" content=\"Performance Beyond Limits\" \/>\n<meta property=\"article:modified_time\" content=\"2020-11-12T13:37:31+00:00\" \/>\n<meta property=\"og:image\" content=\"https:\/\/performancebeyondlimits.com\/wp-content\/uploads\/2020\/04\/PerformanceBeyondLimits_33-scaled-e1587239558685.jpg\" \/>\n\t<meta property=\"og:image:width\" content=\"2560\" \/>\n\t<meta property=\"og:image:height\" content=\"998\" \/>\n\t<meta property=\"og:image:type\" content=\"image\/jpeg\" \/>\n<meta name=\"twitter:card\" content=\"summary_large_image\" \/>\n<meta name=\"twitter:label1\" content=\"Est. reading time\" \/>\n\t<meta name=\"twitter:data1\" content=\"4 minutes\" \/>\n<script type=\"application\/ld+json\" class=\"yoast-schema-graph\">{\"@context\":\"https:\\\/\\\/schema.org\",\"@graph\":[{\"@type\":\"WebPage\",\"@id\":\"https:\\\/\\\/performancebeyondlimits.com\\\/en\\\/online-course\\\/\",\"url\":\"https:\\\/\\\/performancebeyondlimits.com\\\/en\\\/online-course\\\/\",\"name\":\"Performance Beyond Limits | Coaching Online Course for fulfilment\",\"isPartOf\":{\"@id\":\"https:\\\/\\\/performancebeyondlimits.com\\\/en\\\/#website\"},\"primaryImageOfPage\":{\"@id\":\"https:\\\/\\\/performancebeyondlimits.com\\\/en\\\/online-course\\\/#primaryimage\"},\"image\":{\"@id\":\"https:\\\/\\\/performancebeyondlimits.com\\\/en\\\/online-course\\\/#primaryimage\"},\"thumbnailUrl\":\"https:\\\/\\\/performancebeyondlimits.com\\\/wp-content\\\/uploads\\\/2020\\\/04\\\/PerformanceBeyondLimits_33-scaled-e1587239558685.jpg\",\"datePublished\":\"2020-05-11T12:16:28+00:00\",\"dateModified\":\"2020-11-12T13:37:31+00:00\",\"description\":\"Our coaching online course \u201cTotal approach to personal transformation and fulfilment\\\" offers a flexible introduction to our work.\",\"breadcrumb\":{\"@id\":\"https:\\\/\\\/performancebeyondlimits.com\\\/en\\\/online-course\\\/#breadcrumb\"},\"inLanguage\":\"en-US\",\"potentialAction\":[{\"@type\":\"ReadAction\",\"target\":[\"https:\\\/\\\/performancebeyondlimits.com\\\/en\\\/online-course\\\/\"]}]},{\"@type\":\"ImageObject\",\"inLanguage\":\"en-US\",\"@id\":\"https:\\\/\\\/performancebeyondlimits.com\\\/en\\\/online-course\\\/#primaryimage\",\"url\":\"https:\\\/\\\/performancebeyondlimits.com\\\/wp-content\\\/uploads\\\/2020\\\/04\\\/PerformanceBeyondLimits_33-scaled-e1587239558685.jpg\",\"contentUrl\":\"https:\\\/\\\/performancebeyondlimits.com\\\/wp-content\\\/uploads\\\/2020\\\/04\\\/PerformanceBeyondLimits_33-scaled-e1587239558685.jpg\",\"width\":2560,\"height\":998},{\"@type\":\"BreadcrumbList\",\"@id\":\"https:\\\/\\\/performancebeyondlimits.com\\\/en\\\/online-course\\\/#breadcrumb\",\"itemListElement\":[{\"@type\":\"ListItem\",\"position\":1,\"name\":\"Startseite\",\"item\":\"https:\\\/\\\/performancebeyondlimits.com\\\/en\\\/\"},{\"@type\":\"ListItem\",\"position\":2,\"name\":\"Online Course\"}]},{\"@type\":\"WebSite\",\"@id\":\"https:\\\/\\\/performancebeyondlimits.com\\\/en\\\/#website\",\"url\":\"https:\\\/\\\/performancebeyondlimits.com\\\/en\\\/\",\"name\":\"Performance Beyond Limits\",\"description\":\"Wir schaffen sinnhafte Leistungsdurchbr\u00fcche.\",\"potentialAction\":[{\"@type\":\"SearchAction\",\"target\":{\"@type\":\"EntryPoint\",\"urlTemplate\":\"https:\\\/\\\/performancebeyondlimits.com\\\/en\\\/?s={search_term_string}\"},\"query-input\":{\"@type\":\"PropertyValueSpecification\",\"valueRequired\":true,\"valueName\":\"search_term_string\"}}],\"inLanguage\":\"en-US\"}]}<\/script>\n<!-- \/ Yoast SEO plugin. -->","yoast_head_json":{"title":"Performance Beyond Limits | Coaching Online Course for fulfilment","description":"Our coaching online course \u201cTotal approach to personal transformation and fulfilment\" offers a flexible introduction to our work.","robots":{"index":"index","follow":"follow","max-snippet":"max-snippet:-1","max-image-preview":"max-image-preview:large","max-video-preview":"max-video-preview:-1"},"canonical":"https:\/\/performancebeyondlimits.com\/en\/online-course\/","og_locale":"en_US","og_type":"article","og_title":"Performance Beyond Limits | Coaching Online Course for fulfilment","og_description":"Our coaching online course \u201cTotal approach to personal transformation and fulfilment\" offers a flexible introduction to our work.","og_url":"https:\/\/performancebeyondlimits.com\/en\/online-course\/","og_site_name":"Performance Beyond Limits","article_modified_time":"2020-11-12T13:37:31+00:00","og_image":[{"width":2560,"height":998,"url":"https:\/\/performancebeyondlimits.com\/wp-content\/uploads\/2020\/04\/PerformanceBeyondLimits_33-scaled-e1587239558685.jpg","type":"image\/jpeg"}],"twitter_card":"summary_large_image","twitter_misc":{"Est. reading time":"4 minutes"},"schema":{"@context":"https:\/\/schema.org","@graph":[{"@type":"WebPage","@id":"https:\/\/performancebeyondlimits.com\/en\/online-course\/","url":"https:\/\/performancebeyondlimits.com\/en\/online-course\/","name":"Performance Beyond Limits | Coaching Online Course for fulfilment","isPartOf":{"@id":"https:\/\/performancebeyondlimits.com\/en\/#website"},"primaryImageOfPage":{"@id":"https:\/\/performancebeyondlimits.com\/en\/online-course\/#primaryimage"},"image":{"@id":"https:\/\/performancebeyondlimits.com\/en\/online-course\/#primaryimage"},"thumbnailUrl":"https:\/\/performancebeyondlimits.com\/wp-content\/uploads\/2020\/04\/PerformanceBeyondLimits_33-scaled-e1587239558685.jpg","datePublished":"2020-05-11T12:16:28+00:00","dateModified":"2020-11-12T13:37:31+00:00","description":"Our coaching online course \u201cTotal approach to personal transformation and fulfilment\" offers a flexible introduction to our work.","breadcrumb":{"@id":"https:\/\/performancebeyondlimits.com\/en\/online-course\/#breadcrumb"},"inLanguage":"en-US","potentialAction":[{"@type":"ReadAction","target":["https:\/\/performancebeyondlimits.com\/en\/online-course\/"]}]},{"@type":"ImageObject","inLanguage":"en-US","@id":"https:\/\/performancebeyondlimits.com\/en\/online-course\/#primaryimage","url":"https:\/\/performancebeyondlimits.com\/wp-content\/uploads\/2020\/04\/PerformanceBeyondLimits_33-scaled-e1587239558685.jpg","contentUrl":"https:\/\/performancebeyondlimits.com\/wp-content\/uploads\/2020\/04\/PerformanceBeyondLimits_33-scaled-e1587239558685.jpg","width":2560,"height":998},{"@type":"BreadcrumbList","@id":"https:\/\/performancebeyondlimits.com\/en\/online-course\/#breadcrumb","itemListElement":[{"@type":"ListItem","position":1,"name":"Startseite","item":"https:\/\/performancebeyondlimits.com\/en\/"},{"@type":"ListItem","position":2,"name":"Online Course"}]},{"@type":"WebSite","@id":"https:\/\/performancebeyondlimits.com\/en\/#website","url":"https:\/\/performancebeyondlimits.com\/en\/","name":"Performance Beyond Limits","description":"Wir schaffen sinnhafte Leistungsdurchbr\u00fcche.","potentialAction":[{"@type":"SearchAction","target":{"@type":"EntryPoint","urlTemplate":"https:\/\/performancebeyondlimits.com\/en\/?s={search_term_string}"},"query-input":{"@type":"PropertyValueSpecification","valueRequired":true,"valueName":"search_term_string"}}],"inLanguage":"en-US"}]}},"_links":{"self":[{"href":"https:\/\/performancebeyondlimits.com\/en\/wp-json\/wp\/v2\/pages\/618","targetHints":{"allow":["GET"]}}],"collection":[{"href":"https:\/\/performancebeyondlimits.com\/en\/wp-json\/wp\/v2\/pages"}],"about":[{"href":"https:\/\/performancebeyondlimits.com\/en\/wp-json\/wp\/v2\/types\/page"}],"author":[{"embeddable":true,"href":"https:\/\/performancebeyondlimits.com\/en\/wp-json\/wp\/v2\/users\/1"}],"replies":[{"embeddable":true,"href":"https:\/\/performancebeyondlimits.com\/en\/wp-json\/wp\/v2\/comments?post=618"}],"version-history":[{"count":0,"href":"https:\/\/performancebeyondlimits.com\/en\/wp-json\/wp\/v2\/pages\/618\/revisions"}],"wp:featuredmedia":[{"embeddable":true,"href":"https:\/\/performancebeyondlimits.com\/en\/wp-json\/wp\/v2\/media\/579"}],"wp:attachment":[{"href":"https:\/\/performancebeyondlimits.com\/en\/wp-json\/wp\/v2\/media?parent=618"}],"curies":[{"name":"wp","href":"https:\/\/api.w.org\/{rel}","templated":true}]}}